{"id":10111,"date":"2016-06-30T18:49:59","date_gmt":"2016-06-30T17:49:59","guid":{"rendered":"http:\/\/www.erfordia-ultras.de\/blog\/?page_id=10111"},"modified":"2018-04-03T07:06:31","modified_gmt":"2018-04-03T06:06:31","slug":"galerie-saison-201617-3-liga","status":"publish","type":"page","link":"https:\/\/www.erfordia-ultras.de\/blog\/galerie-saison-201617-3-liga\/","title":{"rendered":"Galerie Saison 2016\/17 &#8211; 3. Liga"},"content":{"rendered":"<div class=\"galerie_bezeichnung\">Landespokalfinale &#8211; Do., 25.05.2017: FC RWE &#8211; Wacker Nordhausen 1:0<\/div>\n<p>8.807 Zuschauer, ca. 600 G\u00e4stefans<br \/>\nngg_shortcode_0_placeholder<\/p>\n<div class=\"galerie_border\">&nbsp;<\/div>\n<div class=\"galerie_bezeichnung\">38. Spieltag &#8211; Sa., 20.05.2017: FC RWE &#8211; SG Gro\u00dfaspach 4:1<\/div>\n<p>7.100 Zuschauer, ca. 15 G\u00e4stefans<br \/>\nngg_shortcode_1_placeholder<\/p>\n<div class=\"galerie_border\">&nbsp;<\/div>\n<div class=\"galerie_bezeichnung\">37. Spieltag &#8211; Sa., 13.05.2017: FC Hansa Rostock &#8211; FC RWE 1:2<\/div>\n<p>16.150 Zuschauer, ca. 700 Erfurter<br \/>\nngg_shortcode_2_placeholder<\/p>\n<div class=\"galerie_border\">&nbsp;<\/div>\n<div class=\"galerie_bezeichnung\">36. Spieltag &#8211; Fr., 05.05.2017: FC RWE &#8211; SSV Jahn Regensburg 1:4<\/div>\n<p>5.645 Zuschauer, ca. 200 G\u00e4stefans<br \/>\nngg_shortcode_3_placeholder<\/p>\n<div class=\"galerie_border\">&nbsp;<\/div>\n<div class=\"galerie_bezeichnung\">35. Spieltag &#8211; Sa., 29.04.2017: Chemnitzer FC &#8211; FC RWE 1:1<\/div>\n<p>6.386 Zuschauer, ca. 800 Erfurter<br \/>\nngg_shortcode_4_placeholder<\/p>\n<div class=\"galerie_border\">&nbsp;<\/div>\n<div class=\"galerie_bezeichnung\">34. Spieltag &#8211; So., 23.04.2017: FC RWE &#8211; Preu\u00dfen M\u00fcnster 0:0<\/div>\n<p>5.200 Zuschauer, ca. 250 G\u00e4stefans<br \/>\nngg_shortcode_5_placeholder<\/p>\n<div class=\"galerie_border\">&nbsp;<\/div>\n<div class=\"galerie_bezeichnung\">Halbfinale Landespokal &#8211; Mo., 17.04.2017: SC Weimar &#8211; FC RWE<br \/>\n0:3<\/div>\n<p>1.320 Zuschauer, ca. 1.000 Erfurter<br \/>\nngg_shortcode_6_placeholder<\/p>\n<div class=\"galerie_border\">&nbsp;<\/div>\n<div class=\"galerie_bezeichnung\">33. Spieltag -Sa., 15.04.2017: FC RWE &#8211; Holstein Kiel 1:1<\/div>\n<p>4.422 Zuschauer, ca. 200 G\u00e4stefans<br \/>\nngg_shortcode_7_placeholder<\/p>\n<div class=\"galerie_border\">&nbsp;<\/div>\n<div class=\"galerie_bezeichnung\">32. Spieltag &#8211; Sa., 08.04.2017: SV Wiesbaden &#8211; FC RWE 0:0<\/div>\n<p>2.070 Zuschauer, ca. 300 Erfurter<br \/>\nngg_shortcode_8_placeholder<\/p>\n<div class=\"galerie_border\">&nbsp;<\/div>\n<div class=\"galerie_bezeichnung\">31. Spieltag &#8211; Di., 04.04.2017: FC RWE &#8211; SV Werder Bremen II 1:1<\/div>\n<p>4.086 Zuschauer, ca. 20 G\u00e4stefans<br \/>\nngg_shortcode_9_placeholder<\/p>\n<div class=\"galerie_border\">&nbsp;<\/div>\n<div class=\"galerie_bezeichnung\">30. Spieltag &#8211; Sa., 01.04.2017: 1.FC Magdeburg &#8211; FC RWE 2:0<\/div>\n<p>20.506 Zuschauer, ca. 1.000 Erfurter<br \/>\nngg_shortcode_10_placeholder<\/p>\n<div class=\"galerie_border\">&nbsp;<\/div>\n<div class=\"galerie_bezeichnung\">29. Spieltag &#8211; Sa., 25.03.2017: FC RWE &#8211; FSV Mainz 05 II 0:0<\/div>\n<p>4.399 Zuschauer, ca. 20 G\u00e4stefans<br \/>\nngg_shortcode_11_placeholder<\/p>\n<div class=\"galerie_border\">&nbsp;<\/div>\n<div class=\"galerie_bezeichnung\">28. Spieltag &#8211; Sa., 18.03.2017: MSV Duisburg &#8211; FC RWE 3:2<\/div>\n<p>11.087 Zuschauer, ca. 300 Erfurter<br \/>\nngg_shortcode_12_placeholder<\/p>\n<div class=\"galerie_border\">&nbsp;<\/div>\n<div class=\"galerie_bezeichnung\">27. Spieltag &#8211; Di., 14.03.2017: FC RWE &#8211; VfL Osnabr\u00fcck 1:0<\/div>\n<p>4.329, ca. 150 G\u00e4stefans<br \/>\nngg_shortcode_13_placeholder<\/p>\n<div class=\"galerie_border\">&nbsp;<\/div>\n<div class=\"galerie_bezeichnung\">26. Spieltag &#8211; Sa., 11.03.2017: SC Paderborn &#8211; FC RWE 0:1<\/div>\n<p>6.798, ca. 500 Erfurter<br \/>\nngg_shortcode_14_placeholder<\/p>\n<div class=\"galerie_border\">&nbsp;<\/div>\n<div class=\"galerie_bezeichnung\">25. Spieltag &#8211; Sa., 04.03.2017: FC RWE &#8211; FSV Zwickau 1:3<\/div>\n<p>7.088 Zuschauer, ca. 1.500 G\u00e4stefans<br \/>\nngg_shortcode_15_placeholder<\/p>\n<div class=\"galerie_border\">&nbsp;<\/div>\n<div class=\"galerie_bezeichnung\">24. Spieltag &#8211; Sa., 25.02.2017: Fortuna K\u00f6ln &#8211; FC RWE 0:1<\/div>\n<p>1.447 Zuschauer, ca. 250 Erfurter<br \/>\nngg_shortcode_16_placeholder<\/p>\n<div class=\"galerie_border\">&nbsp;<\/div>\n<div class=\"galerie_bezeichnung\">23. Spieltag &#8211; Sa., 18.02.2017: FC RWE &#8211; SF Lotte 0:3<\/div>\n<p>4.119 Zuschauer, ca. 20 G\u00e4stefans<br \/>\nngg_shortcode_17_placeholder<\/p>\n<div class=\"galerie_border\">&nbsp;<\/div>\n<div class=\"galerie_bezeichnung\">22. Spieltag &#8211; Fr., 10.02.2017: VfR Aalen &#8211; FC RWE 1:1<\/div>\n<p>3.495 Zuschauer, ca. 250 Erfurter<br \/>\nngg_shortcode_18_placeholder<\/p>\n<div class=\"galerie_border\">&nbsp;<\/div>\n<div class=\"galerie_bezeichnung\">21. Spieltag &#8211; Sa., 04.02.2017: FC RWE &#8211; FSV Frankfurt 1:0<\/div>\n<p>3.891 Zuschauer, ca. 130 G\u00e4stefans<br \/>\nngg_shortcode_19_placeholder<\/p>\n<div class=\"galerie_border\">&nbsp;<\/div>\n<div class=\"galerie_bezeichnung\">20. Spieltag &#8211; Sa., 28.01.2017: Hallescher FC &#8211; FC RWE 1:0<\/div>\n<p>7.711 Zuschauer, ca. 1.000 Erfurter<br \/>\nngg_shortcode_20_placeholder<\/p>\n<div class=\"galerie_border\">&nbsp;<\/div>\n<div class=\"galerie_bezeichnung\">19. Spieltag &#8211; Fr., 16.12.2016: SG Gro\u00dfaspach &#8211; FC RWE 2:1<\/div>\n<p>1.200 Zuschauer, ca. 250 Erfurter<br \/>\nngg_shortcode_21_placeholder<\/p>\n<div class=\"galerie_border\">&nbsp;<\/div>\n<div class=\"galerie_bezeichnung\">18. Spieltag &#8211; Sa., 10.12.2016: FC RWE &#8211; FC Hansa Rostock 1:2<\/div>\n<p>9.840 Zuschauer, ca. 2.500 G\u00e4stefans<br \/>\nngg_shortcode_22_placeholder<\/p>\n<div class=\"galerie_border\">&nbsp;<\/div>\n<div class=\"galerie_bezeichnung\">17. Spieltag &#8211; Fr., 02.12.2016: SSV Jahn Regensburg &#8211; FC RWE 0:1<\/div>\n<p>4.209 Zuschauer, ca. 400 Erfurter<br \/>\nngg_shortcode_23_placeholder<\/p>\n<div class=\"galerie_border\">&nbsp;<\/div>\n<div class=\"galerie_bezeichnung\">16. Spieltag &#8211; Sa., 26.11.2016: FC RWE &#8211; Chemnitzer FC 1:2<\/div>\n<p>8.216 Zuschauer, ca. 1.500 G\u00e4stefans<br \/>\nngg_shortcode_24_placeholder<\/p>\n<div class=\"galerie_border\">&nbsp;<\/div>\n<div class=\"galerie_bezeichnung\">15. Spieltag &#8211; Fr., 18.11.2016: Preu\u00dfen M\u00fcnster &#8211; FC RWE 4:0<\/div>\n<p>6.524 Zuschauer, ca. 200 Erfurter<br \/>\nngg_shortcode_25_placeholder<\/p>\n<div class=\"galerie_border\">&nbsp;<\/div>\n<div class=\"galerie_bezeichnung\">Viertelfinale Landespokal &#8211; Sa., 12.11.2016: Eintracht Hildburghausen &#8211; FC RWE 1:7<\/div>\n<p>812 Zuschauer, ca. 400 Erfurter<br \/>\nngg_shortcode_26_placeholder<\/p>\n<div class=\"galerie_border\">&nbsp;<\/div>\n<div class=\"galerie_bezeichnung\">14. Spieltag &#8211; Sa., 05.11.2016: Holstein Kiel &#8211; FC RWE 0:0<\/div>\n<p>4.456 Zuschauer, ca. 200 Erfurter<br \/>\nngg_shortcode_27_placeholder<\/p>\n<div class=\"galerie_border\">&nbsp;<\/div>\n<div class=\"galerie_bezeichnung\">13. Spieltag &#8211; Sa., 29.10.2016: FC RWE &#8211; SV Wiesbaden 1:0<\/div>\n<p>4.980 Zuschauer, ca. 70 G\u00e4stefans<br \/>\nngg_shortcode_28_placeholder<\/p>\n<div class=\"galerie_border\">&nbsp;<\/div>\n<div class=\"galerie_bezeichnung\">12. Spieltag &#8211; So., 23.10.2016: SV Werder Bremen II &#8211; FC RWE 1:0<\/div>\n<p>780 Zuschauer, ca. 300 Erfurter<br \/>\nngg_shortcode_29_placeholder<\/p>\n<div class=\"galerie_border\">&nbsp;<\/div>\n<div class=\"galerie_bezeichnung\">11. Spieltag &#8211; Sa., 15.10.2016: FC RWE &#8211; 1.FC Magdeburg 1:0<\/div>\n<p>8.985 Zuschauer, ca. 2.500 G\u00e4stefans<br \/>\nngg_shortcode_30_placeholder<\/p>\n<div class=\"galerie_border\">&nbsp;<\/div>\n<div class=\"galerie_bezeichnung\">Achtelfinale Landespokal &#8211; So., 09.10.2016: Schott Jena &#8211; FC RWE 1:5<\/div>\n<p>1.025 Zuschauer, ca. 600 Erfurter<br \/>\nngg_shortcode_31_placeholder<\/p>\n<div class=\"galerie_border\">&nbsp;<\/div>\n<div class=\"galerie_bezeichnung\">Sa., 08.10.2016: 10 Jahre EFU Youth<\/div>\nngg_shortcode_32_placeholder\n<div class=\"galerie_border\">&nbsp;<\/div>\n<div class=\"galerie_bezeichnung\">10. Spieltag &#8211; So., 02.10.2016: FSV Mainz 05 II &#8211; FC RWE<\/div>\n<p>889 Zuschauer, ca. 350 Erfurter<br \/>\nngg_shortcode_33_placeholder<\/p>\n<div class=\"galerie_border\">&nbsp;<\/div>\n<div class=\"galerie_bezeichnung\">9. Spieltag &#8211; So., 25.09.2016: FC RWE &#8211; MSV Duisburg 0:1<\/div>\n<p>4.981 Zuschauer, ca. 350 G\u00e4stefans<br \/>\nngg_shortcode_34_placeholder<\/p>\n<div class=\"galerie_border\">&nbsp;<\/div>\n<div class=\"galerie_bezeichnung\">8. Spieltag &#8211; Di., 20.09.2016: VfL Osnabr\u00fcck &#8211; FC RWE 3:0<\/div>\n<p>8.330 Zuschauer, ca. 200 Erfurter<br \/>\nngg_shortcode_35_placeholder<\/p>\n<div class=\"galerie_border\">&nbsp;<\/div>\n<div class=\"galerie_bezeichnung\">7. Spieltag &#8211; Sa., 17.09.2016: FC RWE &#8211; SC Paderborn 1:3<\/div>\n<p>5.550 Zuschauer, ca. 350 G\u00e4stefans<br \/>\nngg_shortcode_36_placeholder<\/p>\n<div class=\"galerie_border\">&nbsp;<\/div>\n<div class=\"galerie_bezeichnung\">6. Spieltag &#8211; So., 11.09.2016: FSV Zwickau &#8211; FC RWE 1:2<\/div>\n<p>6.891 Zuschauer, ca. 1.400 Erfurter<br \/>\nngg_shortcode_37_placeholder<\/p>\n<div class=\"galerie_border\">&nbsp;<\/div>\n<div class=\"galerie_bezeichnung\">2. Runde Landespokal &#8211; Sa., 03.09.2016: TSV Bad Blankenburg &#8211; FC RWE 0:7<\/div>\n<p>800 Zuschauer, ca. 350 Erfurter<br \/>\nngg_shortcode_38_placeholder<\/p>\n<div class=\"galerie_border\">&nbsp;<\/div>\n<div class=\"galerie_bezeichnung\">5. Spieltag &#8211; Sa., 27.08.2016: FC RWE &#8211; Fortuna K\u00f6ln 3:0<\/div>\n<p>4.113 Zuschauer, ca. 70 G\u00e4stefans<br \/>\nngg_shortcode_39_placeholder<\/p>\n<div class=\"galerie_border\">&nbsp;<\/div>\n<div class=\"galerie_bezeichnung\">1. Runde Landespokal &#8211; Sa., 20.08.2016: SG BW Lengenfeld\/Stein &#8211; FC RWE 0:3<\/div>\n<p>850 Zuschauer, ca. 300 Erfurter<br \/>\nngg_shortcode_40_placeholder<\/p>\n<div class=\"galerie_border\">&nbsp;<\/div>\n<div class=\"galerie_bezeichnung\">4. Spieltag &#8211; Fr., 12.08.2016: SF Lotte &#8211; FC RWE<\/div>\n<p>1.854 Zuchauer, ca. 350 Erfurter<br \/>\nngg_shortcode_41_placeholder<\/p>\n<div class=\"galerie_border\">&nbsp;<\/div>\n<div class=\"galerie_bezeichnung\">3. Spieltag &#8211; Di., 09.08.2016: FC RWE &#8211; VfR Aalen 0:0<\/div>\n<p>5.339 Zuschauer, ca. 120 G\u00e4stefans<br \/>\nngg_shortcode_42_placeholder<\/p>\n<div class=\"galerie_border\">&nbsp;<\/div>\n<div class=\"galerie_bezeichnung\">2. Spieltag &#8211; Sa., 06.08.2016: FSV Frankfurt &#8211; FC RWE 0:1<\/div>\n<p>4.352 Zuschauer, ca. 500 Erfurter<br \/>\nngg_shortcode_43_placeholder<\/p>\n<div class=\"galerie_border\">&nbsp;<\/div>\n<div class=\"galerie_bezeichnung\">1. Spieltag &#8211; Sa., 30.07.2016: FC RWE &#8211; Hallescher FC 0:3<\/div>\n<p>8.168 Zuschauer, ca. 1.500 G\u00e4stefans<br \/>\nngg_shortcode_44_placeholder<\/p>\n<div class=\"galerie_border\">&nbsp;<\/div>\n<div class=\"galerie_bezeichnung\">Sa., 02.07.2016: 20 Jahre Erfordia Ultras 1996<\/div>\nngg_shortcode_45_placeholder\n<div class=\"galerie_border\">&nbsp;<\/div>\n","protected":false},"excerpt":{"rendered":"<p>Landespokalfinale &#8211; Do., 25.05.2017: FC RWE &#8211; Wacker Nordhausen 1:0 8.807 Zuschauer, ca. 600 G\u00e4stefans &nbsp; 38. Spieltag &#8211; Sa., 20.05.2017: FC RWE &#8211; SG Gro\u00dfaspach 4:1 7.100 Zuschauer, ca. 15 G\u00e4stefans &nbsp; 37. Spieltag &#8211; Sa., 13.05.2017: FC Hansa &hellip; <a href=\"https:\/\/www.erfordia-ultras.de\/blog\/galerie-saison-201617-3-liga\/\">Weiterlesen <span class=\"meta-nav\">&rarr;<\/span><\/a><\/p>\n","protected":false},"author":5,"featured_media":0,"parent":0,"menu_order":0,"comment_status":"closed","ping_status":"closed","template":"","meta":{"ngg_post_thumbnail":0,"footnotes":"","_links_to":"","_links_to_target":""},"class_list":["post-10111","page","type-page","status-publish","hentry"],"aioseo_notices":[],"_links":{"self":[{"href":"https:\/\/www.erfordia-ultras.de\/blog\/wp-json\/wp\/v2\/pages\/10111","targetHints":{"allow":["GET"]}}],"collection":[{"href":"https:\/\/www.erfordia-ultras.de\/blog\/wp-json\/wp\/v2\/pages"}],"about":[{"href":"https:\/\/www.erfordia-ultras.de\/blog\/wp-json\/wp\/v2\/types\/page"}],"author":[{"embeddable":true,"href":"https:\/\/www.erfordia-ultras.de\/blog\/wp-json\/wp\/v2\/users\/5"}],"replies":[{"embeddable":true,"href":"https:\/\/www.erfordia-ultras.de\/blog\/wp-json\/wp\/v2\/comments?post=10111"}],"version-history":[{"count":69,"href":"https:\/\/www.erfordia-ultras.de\/blog\/wp-json\/wp\/v2\/pages\/10111\/revisions"}],"predecessor-version":[{"id":16170,"href":"https:\/\/www.erfordia-ultras.de\/blog\/wp-json\/wp\/v2\/pages\/10111\/revisions\/16170"}],"wp:attachment":[{"href":"https:\/\/www.erfordia-ultras.de\/blog\/wp-json\/wp\/v2\/media?parent=10111"}],"curies":[{"name":"wp","href":"https:\/\/api.w.org\/{rel}","templated":true}]}}