{"id":20528,"date":"2022-05-28T18:09:43","date_gmt":"2022-05-28T16:09:43","guid":{"rendered":"https:\/\/www.erfordia-ultras.de\/blog\/?page_id=20528"},"modified":"2024-02-09T12:34:09","modified_gmt":"2024-02-09T11:34:09","slug":"rot-weisse-republik","status":"publish","type":"page","link":"https:\/\/www.erfordia-ultras.de\/blog\/rot-weisse-republik\/","title":{"rendered":"Rot-Wei\u00dfe Republik"},"content":{"rendered":"\n<figure class=\"wp-block-image size-full\"><img loading=\"lazy\" decoding=\"async\" width=\"940\" height=\"213\" src=\"https:\/\/www.erfordia-ultras.de\/blog\/wp-content\/uploads\/cropped-img_0511.jpg\" alt=\"\" class=\"wp-image-20529\" srcset=\"https:\/\/www.erfordia-ultras.de\/blog\/wp-content\/uploads\/cropped-img_0511.jpg 940w, https:\/\/www.erfordia-ultras.de\/blog\/wp-content\/uploads\/cropped-img_0511-300x68.jpg 300w, https:\/\/www.erfordia-ultras.de\/blog\/wp-content\/uploads\/cropped-img_0511-768x174.jpg 768w\" sizes=\"auto, (max-width: 940px) 100vw, 940px\" \/><\/figure>\n\n\n\n<p>Seit Jahren hat unser geliebter Fu\u00dfballclub Rot-Wei\u00df mit sinkenden und stagnierenden Zuschauerzahlen zu k\u00e4mpfen. Mit dem neuen Stadion hat ein gewisser Aufschwung in dieser Richtung stattgefunden, unsere Aufgabe ist es nach wie vor, diese Leute zu b\u00fcndeln und fest an unseren Verein zu binden. Ein Anfang wurde mit dem<a href=\"https:\/\/www.erfordia-ultras.de\/blog\/galerie-saison-201617-3-liga\/\" target=\"_blank\" rel=\"noreferrer noopener\" title=\" Heimspiel gegen Chemie Halle\"> Heimspiel gegen Chemie Halle<\/a> gemacht, als viele Anh\u00e4nger aus allen Teilen Th\u00fcringens unsere Farben auf den Stra\u00dfen Erfurts w\u00fcrdevoll vertreten haben. Seitdem folgten viele Besuche in den einzelnen Landkreisen, gemeinsame Turniere, Feiern und Aktionsspieltage umso einmal mehr das Potenzial und die Geschlossenheit von Th\u00fcringens Nummer eins unter Beweis stellen.<\/p>\n\n\n\n<p>Folgende Ma\u00dfnahmen sieht die Rot-Wei\u00dfe Republik vor:<\/p>\n\n\n\n<p>\u2013 Freikartenaktionen in den jeweiligen Landkreisen f\u00fcr Jugendliche und interessierte Anh\u00e4nger<br>\u2013 Visualisierung der Vormachtstellung im Freistaat durch gro\u00dfe, legale Graffitifl\u00e4chen<br>\u2013 gemeinsame Aktionen in den Landkreisen, geschlossene Ausw\u00e4rtsfahrten und dauerhafte Treffpunkte f\u00fcr alle Interessierten<br>\u2013 Aufgabenverteilung innerhalb der Gebiete zum regelm\u00e4\u00dfigen Austausch innerhalb der Gemeinschaft<\/p>\n\n\n\n<p>Wie ihr helfen k\u00f6nnt:<\/p>\n\n\n\n<p>Verbreitet den rot-wei\u00dfen Virus innerhalb eurer Familie, eures Bekanntenkreises, in eurer Region mit allen m\u00f6glichen Mitteln. Gebt uns Tipps f\u00fcr m\u00f6gliche Treffpunkte, legale Graffitifl\u00e4chen und motiviert Gruppen und Vereine. Helft uns beim Verteilen der Freikarten, haltet euer Gebiet sauber und organisiert euch selbstst\u00e4ndig. Kontaktiert uns daf\u00fcr einfach per Mail \u00fcber <a href=\"mailto:rwrepublik@fanszene-ef.de\">rwrepublik@fanszene-ef.de<\/a>.<\/p>\n\n\n\n<p>Zusammen k\u00f6nnen wir Gro\u00dfes erreichen und mit Hilfe unserer geballten Kraft unseren Verein weiter nach vorne bringen. Seid stolz auf euren Club, auf eure Fanszene und eure Region. Lasst uns zusammen die Stellung als Th\u00fcringens Nummer eins manifestieren!<\/p>\n\n\n\n<p>Informationen zum weiteren Vorgehen erhaltet ihr in naher Zeit \u00fcber die g\u00e4ngigen rot-wei\u00dfen Kan\u00e4le.<\/p>\n\n\n\n<p>Lang lebe die Rot-Wei\u00dfe Republik!<\/p>\n","protected":false},"excerpt":{"rendered":"<p>Seit Jahren hat unser geliebter Fu\u00dfballclub Rot-Wei\u00df mit sinkenden und stagnierenden Zuschauerzahlen zu k\u00e4mpfen. Mit dem neuen Stadion hat ein gewisser Aufschwung in dieser Richtung stattgefunden, unsere Aufgabe ist es nach wie vor, diese Leute zu b\u00fcndeln und fest an &hellip; <a href=\"https:\/\/www.erfordia-ultras.de\/blog\/rot-weisse-republik\/\">Weiterlesen <span class=\"meta-nav\">&rarr;<\/span><\/a><\/p>\n","protected":false},"author":7,"featured_media":0,"parent":0,"menu_order":0,"comment_status":"closed","ping_status":"closed","template":"","meta":{"ngg_post_thumbnail":0,"footnotes":"","_links_to":"","_links_to_target":""},"class_list":["post-20528","page","type-page","status-publish","hentry"],"aioseo_notices":[],"_links":{"self":[{"href":"https:\/\/www.erfordia-ultras.de\/blog\/wp-json\/wp\/v2\/pages\/20528","targetHints":{"allow":["GET"]}}],"collection":[{"href":"https:\/\/www.erfordia-ultras.de\/blog\/wp-json\/wp\/v2\/pages"}],"about":[{"href":"https:\/\/www.erfordia-ultras.de\/blog\/wp-json\/wp\/v2\/types\/page"}],"author":[{"embeddable":true,"href":"https:\/\/www.erfordia-ultras.de\/blog\/wp-json\/wp\/v2\/users\/7"}],"replies":[{"embeddable":true,"href":"https:\/\/www.erfordia-ultras.de\/blog\/wp-json\/wp\/v2\/comments?post=20528"}],"version-history":[{"count":2,"href":"https:\/\/www.erfordia-ultras.de\/blog\/wp-json\/wp\/v2\/pages\/20528\/revisions"}],"predecessor-version":[{"id":22637,"href":"https:\/\/www.erfordia-ultras.de\/blog\/wp-json\/wp\/v2\/pages\/20528\/revisions\/22637"}],"wp:attachment":[{"href":"https:\/\/www.erfordia-ultras.de\/blog\/wp-json\/wp\/v2\/media?parent=20528"}],"curies":[{"name":"wp","href":"https:\/\/api.w.org\/{rel}","templated":true}]}}