{"id":24232,"date":"2025-07-20T14:02:49","date_gmt":"2025-07-20T12:02:49","guid":{"rendered":"https:\/\/www.erfordia-ultras.de\/blog\/?page_id=24232"},"modified":"2026-04-29T09:46:57","modified_gmt":"2026-04-29T07:46:57","slug":"galerie-saison-2025-26-regionalliga-nordost","status":"publish","type":"page","link":"https:\/\/www.erfordia-ultras.de\/blog\/galerie-saison-2025-26-regionalliga-nordost\/","title":{"rendered":"Galerie Saison 2025\/26 &#8211; Regionalliga Nordost"},"content":{"rendered":"<div class=\"galerie_bezeichnung\">30. Spieltag &#8211; So., 19.04.2026: ZFC Meuselwitz &#8211; FC RWE 0:3<\/div>\n<p>1.002 Zuschauer, ca. 600 Erfurter<br \/>\nngg_shortcode_0_placeholder<\/p>\n<div class=\"galerie_bezeichnung\">22. Spieltag &#8211; Mi., 15.04.2026: FC RWE &#8211; VSG Altglienicke 1:1<\/div>\n<p>5.824 Zuschauer, keine G\u00e4ste<br \/>\nngg_shortcode_1_placeholder<\/p>\n<div class=\"galerie_bezeichnung\">29. Spieltag &#8211; Sa., 11.04.2026: FC RWE &#8211; SV Babelsberg 03 4:2<\/div>\n<p>5.386 Zuschauer, ca. 200 G\u00e4ste<br \/>\nngg_shortcode_2_placeholder<\/p>\n<div class=\"galerie_bezeichnung\">28. Spieltag &#8211; Sa., 04.04.2026: 1. FC Lokomotive Leipzig &#8211; FC RWE 2:1<\/div>\n<p>7.036 Zuschauer, ca. 800 Erfurter<br \/>\nngg_shortcode_3_placeholder<\/p>\n<div class=\"galerie_bezeichnung\">Halbfinale Th\u00fcringenpokal &#8211; So., 29.03.2026: FC RWE &#8211; FC Carl Zeiss Jena 7:9 n.E.<\/div>\n<p>15.040 Zuschauer, ca. 2.000 G\u00e4ste<br \/>\nngg_shortcode_4_placeholder<\/p>\n<div class=\"galerie_bezeichnung\">27. Spieltag &#8211; Fr., 14.03.2026: FC RWE &#8211; Hertha BSC II 3:2<\/div>\n<p>6.143 Zuschauer, 5 G\u00e4ste<br \/>\nngg_shortcode_5_placeholder<\/p>\n<div class=\"galerie_bezeichnung\">26. Spieltag &#8211; Sa., 14.03.2026: Chemnitzer FC &#8211; FC RWE 0:4<\/div>\n<p>6.342 Zuschauer, ca. 1.000 Erfurter<br \/>\nngg_shortcode_6_placeholder<\/p>\n<div class=\"galerie_bezeichnung\">25. Spieltag &#8211; So., 08.03.2026: FC RWE &#8211; BSG Chemie Leipzig 2:2<\/div>\n<p>7.821 Zuschauer, ca. 1.000 G\u00e4ste<br \/>\nngg_shortcode_7_placeholder<\/p>\n<div class=\"galerie_bezeichnung\">20. Spieltag &#8211; Mi., 04.03.2026: Greifswalder FC &#8211; FC RWE 1:2<\/div>\n<p>1.172 Zuschauer, ca. 150 Erfurter<br \/>\nngg_shortcode_8_placeholder<\/p>\n<div class=\"galerie_bezeichnung\">24. Spieltag &#8211; Sa., 28.02.2026: FC RWE &#8211; BFC Preussen 0:1<\/div>\n<p>5.911 Zuschauer, keine G\u00e4ste<br \/>\nngg_shortcode_9_placeholder<\/p>\n<div class=\"galerie_bezeichnung\">23. Spieltag &#8211; Fr., 20.02.2026: 1. FC Magdeburg II &#8211; FC RWE 2:3<\/div>\n<p>1.325 Zuschauer, ca. 1.000 Erfurter<br \/>\nngg_shortcode_10_placeholder<\/p>\n<div class=\"galerie_bezeichnung\">19. Spieltag &#8211; Sa., 07.02.2026: HFC Chemie &#8211; FC RWE 1:0<\/div>\n<p>8.900 Zuschauer, ca. 1.800 Erfurter<br \/>\nngg_shortcode_11_placeholder<\/p>\n<div class=\"galerie_bezeichnung\">Mo., 26.01.2026: 60 Jahre Fu\u00dfballclub Rot-Weiss Erfurt<\/div>\nngg_shortcode_12_placeholder\n<div class=\"galerie_bezeichnung\">Rot-Wei\u00dfe Republik Feier 2026<\/div>\nngg_shortcode_13_placeholder\n<div class=\"galerie_bezeichnung\">So., 11.01.2026: Hallenturnier zum Start ins Jubil\u00e4umsjahr<\/div>\n<p>1.600 Zuschauer<br \/>\nngg_shortcode_14_placeholder<\/p>\n<div class=\"galerie_bezeichnung\">19. Spieltag &#8211; Sa., 13.12.2025: FC RWE &#8211; BFC Dynamo 1:0<\/div>\n<p>5.902 Zuschauer, ca. 250 G\u00e4ste<br \/>\nngg_shortcode_15_placeholder<\/p>\n<div class=\"galerie_bezeichnung\">18. Spieltag &#8211; Sa., 06.12.2025: FSV 63 Luckenwalde &#8211; FC RWE 1:1<\/div>\n<p>723 Zuschauer, ca. 350 Erfurter<br \/>\nngg_shortcode_16_placeholder<\/p>\n<div class=\"galerie_bezeichnung\">17. Spieltag &#8211; Fr., 28.11.2025: FC RWE &#8211; FC Carl Zeiss Jena 3:1<\/div>\n<p>15.040 Zuschauer, ca. 2.000 G\u00e4ste<br \/>\nngg_shortcode_17_placeholder<\/p>\n<div class=\"galerie_bezeichnung\">16. Spieltag &#8211; Sa., 22.11.2025: FC Hertha 03 Zehlendorf &#8211; FC RWE 1:1<\/div>\n<p>615 Zuschauer, ca. 350 Erfurter<br \/>\nngg_shortcode_18_placeholder<\/p>\n<div class=\"galerie_bezeichnung\">Viertelfinale Th\u00fcringenpokal &#8211; Sa., 18.11.2025: SV Gr\u00fcn-Wei\u00df Siemerode &#8211; FC RWE 0:4<\/div>\n<p>1.148 Zuschauer<br \/>\nngg_shortcode_19_placeholder<\/p>\n<div class=\"galerie_bezeichnung\">15. Spieltag &#8211; Sa., 08.11.2025: FC RWE &#8211; FSV Zwickau 2:2<\/div>\n<p>6.023 Zuschauer, ca. 1.000 G\u00e4ste<br \/>\nngg_shortcode_20_placeholder<\/p>\n<div class=\"galerie_bezeichnung\">14. Spieltag &#8211; Sa., 01.11.2025: FC Eilenburg &#8211; FC RWE 1:1<\/div>\n<p>860 Zuschauer, ca. 500 Erfurter<br \/>\nngg_shortcode_21_placeholder<\/p>\n<div class=\"galerie_bezeichnung\">13. Spieltag &#8211; So., 26.10.2025: FC RWE &#8211; ZFC Meuselwitz 3:3<\/div>\n<p>5.925 Zuschauer, ca. 30 G\u00e4ste<br \/>\nngg_shortcode_22_placeholder<\/p>\n<div class=\"galerie_bezeichnung\">12. Spieltag &#8211; Sa., 19.10.2025: SV Babelsberg 03 &#8211; FC RWE 0:2<\/div>\n<p>3.391 Zuschauer, ca. 200 Erfurter im G\u00e4steblock<br \/>\nngg_shortcode_23_placeholder<\/p>\n<div class=\"galerie_bezeichnung\">\n<p>Achtelfinale Th\u00fcringenpokal &#8211; Sa., 11.10.2025: FSV 06 Ohratal &#8211; FC RWE 0:7<\/p>\n<\/div>\n<p>ca. 2.000 Zuschauer<br \/>\nngg_shortcode_24_placeholder<\/p>\n<div class=\"galerie_bezeichnung\">11. Spieltag &#8211; So., 05.10.2025: FC RWE &#8211; 1. FC Lokomotive Leipzig 0:2<\/div>\n<p>8.524 Zuschauer, ca. 1.000 G\u00e4ste<br \/>\nngg_shortcode_25_placeholder<\/p>\n<div class=\"galerie_bezeichnung\">10. Spieltag &#8211; Fr., 26.09.2025: Hertha BSC II &#8211; FC RWE 0:0<\/div>\n<p>625 Zuschauer, ca. 200 Erfurter im G\u00e4steblock<br \/>\nngg_shortcode_26_placeholder<\/p>\n<div class=\"galerie_bezeichnung\">09. Spieltag &#8211; Sa., 20.09.2025: FC RWE &#8211; Chemnitzer FC 2:2<\/div>\n<p>8.031 Zuschauer, ca. 600 G\u00e4ste<br \/>\nngg_shortcode_27_placeholder<\/p>\n<div class=\"galerie_bezeichnung\">08. Spieltag &#8211; Di., 16.09.2025: BSG Chemie Leipzig &#8211; FC RWE 0:1<\/div>\n<p>4.999 Zuschauer, ca. 750 Erfurter<br \/>\nngg_shortcode_28_placeholder<\/p>\n<div class=\"galerie_bezeichnung\">07. Spieltag &#8211; Sa., 13.09.2025: BFC Preussen &#8211; FC RWE 2:4<\/div>\n<p>820 Zuschauer, ca. 500 Erfurter<br \/>\nngg_shortcode_29_placeholder<\/p>\n<div class=\"galerie_bezeichnung\">02. Runde Th\u00fcringenpokal &#8211; Sa., 06.09.2025: 1. FC Eichsfeld &#8211; FC RWE 0:6<\/div>\n<p>1.843 Zuschauer<br \/>\nngg_shortcode_30_placeholder<\/p>\n<div class=\"galerie_bezeichnung\">06. Spieltag &#8211; So., 31.08.2025: FC RWE &#8211; 1.FC Magdeburg II 3:1<\/div>\n<p>6.208 Zuschauer, 24 G\u00e4ste<br \/>\nngg_shortcode_31_placeholder<\/p>\n<div class=\"galerie_bezeichnung\">05. Spieltag &#8211; Di., 26.08.2025: VSG Altglienicke Berlin &#8211; FC RWE 1:3<\/div>\n<p>701 Zuschauer, ca. 350 Erfurter<br \/>\nngg_shortcode_32_placeholder<\/p>\n<div class=\"galerie_bezeichnung\">04. Spieltag &#8211; Sa., 23.08.2025: FC RWE &#8211; HFC Chemie 1:2<\/div>\n<p>10.942 Zuschauer, ca. 1.500 G\u00e4ste<br \/>\nngg_shortcode_33_placeholder<\/p>\n<div class=\"galerie_bezeichnung\">01. Runde Th\u00fcringenpokal &#8211; Fr., 15.08.2025: DJK SV Arenshausen &#8211; FC RWE 0:4<\/div>\n<p>1.432 Zuschauer, ca. 400 Erfurter<br \/>\nngg_shortcode_34_placeholder<\/p>\n<div class=\"galerie_bezeichnung\">03. Spieltag &#8211; So., 10.08.2025: FC RWE &#8211; Greifswalder FC 3:2<\/div>\n<p>6.462 Zuschauer, 22 G\u00e4ste<br \/>\nngg_shortcode_35_placeholder<\/p>\n<div class=\"galerie_bezeichnung\">02. Spieltag &#8211; Fr., 01.08.2025: BFC Dynamo &#8211; FC RWE 2:3<\/div>\n<p>2.339 Zuschauer, ca. 400 Erfurter<br \/>\nngg_shortcode_36_placeholder<\/p>\n<div class=\"galerie_bezeichnung\">01. Spieltag &#8211; Fr., 25.07.2025: FC RWE &#8211; FSV 63 Luckenwalde 2:1<\/div>\n<p>6.834 Zuschauer, keine G\u00e4ste<br \/>\nngg_shortcode_37_placeholder<\/p>\n","protected":false},"excerpt":{"rendered":"<p>30. Spieltag &#8211; So., 19.04.2026: ZFC Meuselwitz &#8211; FC RWE 0:3 1.002 Zuschauer, ca. 600 Erfurter 22. Spieltag &#8211; Mi., 15.04.2026: FC RWE &#8211; VSG Altglienicke 1:1 5.824 Zuschauer, keine G\u00e4ste 29. Spieltag &#8211; Sa., 11.04.2026: FC RWE &#8211; SV &hellip; <a href=\"https:\/\/www.erfordia-ultras.de\/blog\/galerie-saison-2025-26-regionalliga-nordost\/\">Weiterlesen <span class=\"meta-nav\">&rarr;<\/span><\/a><\/p>\n","protected":false},"author":5,"featured_media":0,"parent":0,"menu_order":0,"comment_status":"closed","ping_status":"closed","template":"","meta":{"ngg_post_thumbnail":0,"footnotes":"","_links_to":"","_links_to_target":""},"class_list":["post-24232","page","type-page","status-publish","hentry"],"aioseo_notices":[],"_links":{"self":[{"href":"https:\/\/www.erfordia-ultras.de\/blog\/wp-json\/wp\/v2\/pages\/24232","targetHints":{"allow":["GET"]}}],"collection":[{"href":"https:\/\/www.erfordia-ultras.de\/blog\/wp-json\/wp\/v2\/pages"}],"about":[{"href":"https:\/\/www.erfordia-ultras.de\/blog\/wp-json\/wp\/v2\/types\/page"}],"author":[{"embeddable":true,"href":"https:\/\/www.erfordia-ultras.de\/blog\/wp-json\/wp\/v2\/users\/5"}],"replies":[{"embeddable":true,"href":"https:\/\/www.erfordia-ultras.de\/blog\/wp-json\/wp\/v2\/comments?post=24232"}],"version-history":[{"count":73,"href":"https:\/\/www.erfordia-ultras.de\/blog\/wp-json\/wp\/v2\/pages\/24232\/revisions"}],"predecessor-version":[{"id":25444,"href":"https:\/\/www.erfordia-ultras.de\/blog\/wp-json\/wp\/v2\/pages\/24232\/revisions\/25444"}],"wp:attachment":[{"href":"https:\/\/www.erfordia-ultras.de\/blog\/wp-json\/wp\/v2\/media?parent=24232"}],"curies":[{"name":"wp","href":"https:\/\/api.w.org\/{rel}","templated":true}]}}