{"id":2514,"date":"2014-07-13T19:30:50","date_gmt":"2014-07-13T18:30:50","guid":{"rendered":"http:\/\/www.erfordia-ultras.de\/blog\/?page_id=2514"},"modified":"2015-06-18T11:09:06","modified_gmt":"2015-06-18T10:09:06","slug":"galerie-saison-201415-3-liga","status":"publish","type":"page","link":"https:\/\/www.erfordia-ultras.de\/blog\/galerie-saison-201415-3-liga\/","title":{"rendered":"Galerie Saison 2014\/15 &#8211; 3. Liga"},"content":{"rendered":"<div class=\"galerie_bezeichnung\">38. Spieltag &#8211; 23.05.2015: RWE &#8211; SpVgg Unterhaching 1:0<\/div>\n<p>4.383 Zuschauer, ca. 120 G\u00e4stefans<br \/>\nngg_shortcode_0_placeholder<\/p>\n<div class=\"galerie_border\"><\/div>\n<div class=\"galerie_bezeichnung\">37. Spieltag &#8211; 16.05.2015: Stuttgarter Kickers &#8211; RWE 0:0<\/div>\n<p>4.730 Zuschauer, ca. 300 Erfurter<br \/>\nngg_shortcode_1_placeholder<\/p>\n<div class=\"galerie_border\"><\/div>\n<div class=\"galerie_bezeichnung\">36. Spieltag &#8211; 10.05.2015: RWE &#8211; MSV Duisburg 0:2<\/div>\n<p>4.864 Zuschauer, ca. 800 G\u00e4stefans<br \/>\nngg_shortcode_2_placeholder<\/p>\n<div class=\"galerie_border\"><\/div>\n<div class=\"galerie_bezeichnung\">26. Spieltag A-Jugend &#8211; 09.05.2015: RWE &#8211; Brause Leipzig 1:3<\/div>\n<p>250 Zuschauer<br \/>\nngg_shortcode_3_placeholder<\/p>\n<div class=\"galerie_border\"><\/div>\n<div class=\"galerie_bezeichnung\">35. Spieltag &#8211; 02.05.2015: Fortuna K\u00f6ln &#8211; RWE 2:2<\/div>\n<p>1.623 Zuschauer, ca. 250 Erfurter<br \/>\nngg_shortcode_4_placeholder<\/p>\n<div class=\"galerie_border\"><\/div>\n<div class=\"galerie_bezeichnung\">34. Spieltag &#8211; 25.04.2015: RWE &#8211; Arminia Bielefeld 0:4<\/div>\n<p>5.889 Zuschauer, ca. 800 G\u00e4stefans<br \/>\nngg_shortcode_5_placeholder<\/p>\n<div class=\"galerie_border\"><\/div>\n<div class=\"galerie_bezeichnung\">33. Spieltag &#8211; 18.04.2015: Chemnitzer FC &#8211; RWE 2:1<\/div>\n<p>7.077 Zuschauer, ca. 600 Erfurter<br \/>\nngg_shortcode_6_placeholder<\/p>\n<div class=\"galerie_border\"><\/div>\n<div class=\"galerie_bezeichnung\">32. Spieltag &#8211; 11.04.2015: RWE &#8211; Hallescher FC 1:2<\/div>\n<p>5.848 Zuschauer, ca. 800 G\u00e4stefans<br \/>\nngg_shortcode_7_placeholder<\/p>\n<div class=\"galerie_border\"><\/div>\n<div class=\"galerie_bezeichnung\">31. Spieltag &#8211; 04.04.2015: FSV Mainz 05 II &#8211; RWE 3:1<\/div>\n<p>881 Zuschauer, ca. 500 Erfurter<br \/>\nngg_shortcode_8_placeholder<\/p>\n<div class=\"galerie_border\"><\/div>\n<div class=\"galerie_bezeichnung\">30. Spieltag &#8211; 21.03.2015: RWE &#8211; SG S. Gro\u00dfaspach 0:1<\/div>\n<p>4.185 Zuschauer, ca. 20 G\u00e4stefans<br \/>\nngg_shortcode_9_placeholder<\/p>\n<div class=\"galerie_border\"><\/div>\n<div class=\"galerie_bezeichnung\">29. Spieltag &#8211; 14.03.2015: Jahn Regensburg &#8211; RWE 1:0<\/div>\n<p>2.762 Zuschauer, ca. 400 Erfurter<br \/>\nngg_shortcode_10_placeholder<\/p>\n<div class=\"galerie_border\"><\/div>\n<div class=\"galerie_bezeichnung\">28. Spieltag &#8211; 07.03.2015: RWE &#8211; Wehen-Wiesbaden 0:2<\/div>\n<p>5.621 Zuschauer, ca. 40 G\u00e4stefans<br \/>\nngg_shortcode_11_placeholder<\/p>\n<div class=\"galerie_border\"><\/div>\n<div class=\"galerie_bezeichnung\">27. Spieltag &#8211; 27.02.2015: Holstein Kiel &#8211; RWE 4:1<\/div>\n<p>8.006 Zuschauer, ca. 300 Erfurter<br \/>\nngg_shortcode_12_placeholder<\/p>\n<div class=\"galerie_border\"><\/div>\n<div class=\"galerie_bezeichnung\">26. Spieltag &#8211; 21.02.2015: RWE &#8211; VfL Osnabr\u00fcck 3:1<\/div>\n<p>5.952 Zuschauer, ca. 180 G\u00e4stefans<br \/>\nngg_shortcode_13_placeholder<\/p>\n<div class=\"galerie_border\"><\/div>\n<div class=\"galerie_bezeichnung\">25. Spieltag &#8211; 14.02.2015: RWE &#8211; Preu\u00dfen M\u00fcnster 1:0<\/div>\n<p>6.451 Zuschauer, ca. 350 G\u00e4stefans<br \/>\nngg_shortcode_14_placeholder<\/p>\n<div class=\"galerie_border\"><\/div>\n<div class=\"galerie_bezeichnung\">24. Spieltag &#8211; 07.02.2015: Dynamo Dresden &#8211; RWE 0:1<\/div>\n<p>Zuschauerausschluss<br \/>\nngg_shortcode_15_placeholder<\/p>\n<div class=\"galerie_border\"><\/div>\n<div class=\"galerie_bezeichnung\">23. Spieltag &#8211; 31.01.2015: RWE &#8211; Energie Cottbus 2:0<\/div>\n<p>6.962 Zuschauer, ca. 1.000 G\u00e4stefans<br \/>\nngg_shortcode_16_placeholder<\/p>\n<div class=\"galerie_border\"><\/div>\n<div class=\"galerie_bezeichnung\">31.01.2015: Demo gegen die Strafenwillk\u00fcr des DFB<\/div>\n<p>ca. 500 Teilnehmer<br \/>\nngg_shortcode_17_placeholder<\/p>\n<div class=\"galerie_border\"><\/div>\n<div class=\"galerie_bezeichnung\">22. Spieltag &#8211; 20.12.2014: VfB Stuttgart II &#8211; RWE 2:2<\/div>\n<p>636 Zuschauer, ca. 250 Erfurter<br \/>\nngg_shortcode_18_placeholder<\/p>\n<div class=\"galerie_border\"><\/div>\n<div class=\"galerie_bezeichnung\">21. Spieltag &#8211; 13.12.2014: RWE &#8211; Hansa Rostock 4:1<\/div>\n<p>7.378 Zuschauer, ca. 1.000 G\u00e4stefans<br \/>\nngg_shortcode_19_placeholder<\/p>\n<div class=\"galerie_border\"><\/div>\n<div class=\"galerie_bezeichnung\">20. Spieltag &#8211; 06.12.2014: Borussia Dortmund II &#8211; RWE 0:0<\/div>\n<p>2.080 Zuschauer, ca. 300 Erfurter<br \/>\nngg_shortcode_20_placeholder<\/p>\n<div class=\"galerie_border\"><\/div>\n<div class=\"galerie_bezeichnung\">19. Spieltag &#8211; 29.11.2014: SpVgg Unterhaching &#8211; RWE 4:2<\/div>\n<p>1.300 Zuschuaer, ca. 250 Erfurter<br \/>\nngg_shortcode_21_placeholder<\/p>\n<div class=\"galerie_border\"><\/div>\n<div class=\"galerie_bezeichnung\">18. Spieltag &#8211; 22.11.2014: RWE &#8211; Stuttgarter Kickers 1:1<\/div>\n<p>4.174 Zuschauer, ca. 150 G\u00e4stefans<br \/>\nngg_shortcode_22_placeholder<\/p>\n<div class=\"galerie_border\"><\/div>\n<div class=\"galerie_bezeichnung\">Viertelfinale Landespokal &#8211; 15.11.2014: Einheit Rudolstadt &#8211; RWE 1:0<\/div>\n<p>1.217 Zuschauer, ca. 350 Erfurter<br \/>\nngg_shortcode_23_placeholder<\/p>\n<div class=\"galerie_border\"><\/div>\n<div class=\"galerie_bezeichnung\">17. Spieltag &#8211; 08.11.2014: MSV Duisburg &#8211; RWE 2:0<\/div>\n<p>10.149 Zuschauer, ca. 400 Erfurter<br \/>\nngg_shortcode_24_placeholder<\/p>\n<div class=\"galerie_border\"><\/div>\n<div class=\"galerie_bezeichnung\">16. Spieltag &#8211; 02.11.2014: RWE &#8211; Fortuna K\u00f6ln 2:1<\/div>\n<p>5.951 Zuschauer, ca. 100 G\u00e4stefans<br \/>\nngg_shortcode_25_placeholder<\/p>\n<div class=\"galerie_border\"><\/div>\n<div class=\"galerie_bezeichnung\">15. Spieltag &#8211; 24.10.2014: Arminia Bielefeld &#8211; RWE 3:0<\/div>\n<div class=\"galerie_border\"><\/div>\n<p>11.710 Zuschauer, ca. 300 Erfurter<br \/>\nngg_shortcode_26_placeholder<\/p>\n<div class=\"galerie_bezeichnung\">14. Spieltag &#8211; 18.10.2014: RWE &#8211; Chemnitzer FC 2:0<\/div>\n<p>7.439 Zuschauer, ca. 1.000 G\u00e4stefans<br \/>\nngg_shortcode_27_placeholder<\/p>\n<div class=\"galerie_border\"><\/div>\n<div class=\"galerie_bezeichnung\">Achtelfinale Landespokal &#8211; 12.10.2014: Wismut Gera &#8211; RWE 0:2<\/div>\n<p>1.869 Zuschauer, ca. 350 Erfurter<br \/>\nngg_shortcode_28_placeholder<\/p>\n<div class=\"galerie_border\"><\/div>\n<div class=\"galerie_bezeichnung\">Steigerwaldstadion Abschiedsspiel &#8211; 08.10.2014:<\/div>\n<p><strong>UEFA-Cup Neuauflage: RWE &#8211; FC Groningen 1:1<\/strong><br \/>\n6.478 Zuschauer, ca. 40 G\u00e4stefans<br \/>\nngg_shortcode_29_placeholder<\/p>\n<div class=\"galerie_border\"><\/div>\n<div class=\"galerie_bezeichnung\">13. Spieltag &#8211; 05.10.2014: Hallescher FC &#8211; RWE 1:2<\/div>\n<p>8.336 Zuschauer, ca. 1.100 Erfurter<br \/>\nngg_shortcode_30_placeholder<\/p>\n<div class=\"galerie_border\"><\/div>\n<div class=\"galerie_bezeichnung\">12. Spieltag &#8211; 27.09.2014: RWE &#8211; FSV Mainz 05 II 1:0<\/div>\n<p>3.975 Zuschauer, 5 G\u00e4stefans<br \/>\nngg_shortcode_31_placeholder<\/p>\n<div class=\"galerie_border\"><\/div>\n<div class=\"galerie_bezeichnung\">11. Spieltag &#8211; 24.09.2014: SG S. Gro\u00dfaspach &#8211; RWE 1:1<\/div>\n<p>1.202 Zuschauer, ca. 250 Erfurter<br \/>\nngg_shortcode_32_placeholder<\/p>\n<div class=\"galerie_border\"><\/div>\n<div class=\"galerie_bezeichnung\">10. Spieltag &#8211; 20.09.2014: RWE &#8211; Jahn Regensburg 2:0<\/div>\n<p>4.983 Zuschauer, ca. 100 G\u00e4stefans<br \/>\nngg_shortcode_33_placeholder<\/p>\n<div class=\"galerie_border\"><\/div>\n<div class=\"galerie_bezeichnung\">9. Spieltag &#8211; 12.09.2014: Wehen-Wiesbaden &#8211; RWE 3:1<\/div>\n<p>2.783 Zuschauer, ca. 300 Erfurter<br \/>\nngg_shortcode_34_placeholder<\/p>\n<div class=\"galerie_border\"><\/div>\n<div class=\"galerie_bezeichnung\">8. Spieltag &#8211; 06.09.2014: RWE &#8211; Holstein Kiel 3:2<\/div>\n<p>4.673 Zuschauer, ca. 50 G\u00e4stefans<br \/>\nngg_shortcode_35_placeholder<\/p>\n<div class=\"galerie_border\"><\/div>\n<div class=\"galerie_bezeichnung\">2. Runde Landespokal &#8211; 02.09.2014: FC Gebesee &#8211; RWE 1:12<\/div>\n<p>500 Freunde des Erfurter Fussballs<\/p>\n<div class=\"galerie_border\"><\/div>\n<div class=\"galerie_bezeichnung\">7. Spieltag &#8211; 30.08.2014: VfL Osnabr\u00fcck &#8211; RWE 3:1<\/div>\n<p>7.196 Zuschauer, ca. 250 Erfurter<br \/>\nngg_shortcode_36_placeholder<\/p>\n<div class=\"galerie_border\"><\/div>\n<div class=\"galerie_bezeichnung\">6. Spieltag &#8211; 27.08.2014: Preu\u00dfen M\u00fcnster &#8211; RWE 2:2<\/div>\n<p>8.090 Zuschauer, ca. 200 Erfurter<br \/>\nngg_shortcode_37_placeholder<\/p>\n<div class=\"galerie_border\"><\/div>\n<div class=\"galerie_bezeichnung\">5. Spieltag &#8211; 23.08.2014: RWE &#8211; Dynamo Dresden 2:0<\/div>\n<p>10.676 Zuschauer, ca. 2.500 G\u00e4stefans<br \/>\nngg_shortcode_38_placeholder<\/p>\n<div class=\"galerie_border\"><\/div>\n<div class=\"galerie_bezeichnung\">1. Runde Landespokal &#8211; 16.08.2014:\u00a0GW Siemerode\u00a0&#8211; RWE 0:6<\/div>\n<p>1.200 Zuschauer, ca. 150 Erfurter<\/p>\n<div class=\"galerie_border\"><\/div>\n<div class=\"galerie_bezeichnung\">4. Spieltag &#8211; 09.08.2014: Energie Cottbus &#8211; RWE 0:0<\/div>\n<p>6.149 Zuschauer, ca. 600 Erfurter<br \/>\nngg_shortcode_39_placeholder<\/p>\n<div class=\"galerie_border\"><\/div>\n<div class=\"galerie_bezeichnung\">3. Spieltag &#8211; 05.08.2014: RWE &#8211; VfB Stuttgart II 3:1<\/div>\n<p>4.618 Zuschauer, 17 G\u00e4stefans<br \/>\nngg_shortcode_40_placeholder<\/p>\n<div class=\"galerie_border\"><\/div>\n<div class=\"galerie_bezeichnung\">2. Spieltag &#8211; 02.08.2014: Hansa Rostock &#8211; RWE 1:1<\/div>\n<p>14.000 Zuschauer, ca. 300 Erfurter<br \/>\nngg_shortcode_41_placeholder<\/p>\n<div class=\"galerie_border\"><\/div>\n<div class=\"galerie_bezeichnung\">1. Spieltag &#8211; 26.07.2014: RWE &#8211; Borussia Dortmund II<\/div>\n<p>6.481 Zuschauer, ca. 1.000 G\u00e4stefans<br \/>\nngg_shortcode_42_placeholder<\/p>\n<div class=\"galerie_border\"><\/div>\n<div class=\"galerie_bezeichnung\">06.06.2015: Versatio Cup<\/div>\nngg_shortcode_43_placeholder\n<div class=\"galerie_border\"><\/div>\n<div class=\"galerie_bezeichnung\">14.12.2014: 2.Charity Pokerturnier<\/div>\n<p>Am gestrigen Sonntagnachmittag fand das 2. Charity Pokerturnier der Erfordia Ultras statt.<\/p>\n<p>16 Rot-Wei\u00dfe lieferten sich \u00fcber 8 Stunden einige spannende Kartenduelle, bevor am sp\u00e4ten Abend der gl\u00fcckliche Gewinner feststand.<br \/>\nWir m\u00f6chten uns an dieser Stelle bei dem Team der Gastst\u00e4tte \u201eDahlie\u201c f\u00fcr das leckere Essen und die Bereitstellung der R\u00e4umlichkeit bedanken. Gerne wieder!<\/p>\n<p>Wir freuen uns, in den n\u00e4chsten Tagen die stolze Summe von 500,00\u20ac dem Verein \u201ePro-RWE.Die Nachwuchspaten e. V.\u201c, aus den Pokererl\u00f6sen zur Verf\u00fcgung zu stellen.<br \/>\nngg_shortcode_44_placeholder<\/p>\n<div class=\"galerie_border\"><\/div>\n<div class=\"galerie_bezeichnung\">4.Rot-Wei\u00dfer Kinder- und Jugendtag<\/div>\n<p>(Sonntag\/ 24.08.2014\/ 13:30 Uhr\/ Steigerwaldstadion)<\/p>\n<p>Der Einladung, den Sonntag in unserem geliebten Steigerwaldstadion zu verbringen, kamen einige nach, sodass die Mannschaft alle H\u00e4nde voll zu tun hatte, die Autogrammw\u00fcnsche der kleinen und gro\u00dfen Kinder zu erf\u00fcllen. Beim Elfmeterschie\u00dfen wurden Kornetzky und Klewin geh\u00f6rig gepr\u00fcft, eh es auf kleine Wanderschaft durch das Stadion ging, bei welcher neben den Zuschauerpl\u00e4tzen auch die Umkleidekabinen besichtigt werden konnten. In der anschlie\u00dfenden Pressekonferenz hatten die Kinder die M\u00f6glichkeit, ihre Fragen an Ultras und Spieler zu richten, was in erster Linie zur allgemeinen Erheiterung beitrug. Ein Trikot mit allen Unterschriften wurde zu Gunsten des Nachwuchses versteigert, die pfiffigsten Kinder wurden auf Grund ihrer richtigen Antworten bei unserem \u201dErfurt-Fu\u00dfball-Quiz\u201d mit sch\u00f6nen Preisen ausgestattet, sodass am Ende jeder gl\u00fccklich und auf Grund unserer flei\u00dfigen Damen\/Herren vom Catering auch ges\u00e4ttigt nach Hause gehen konnte. Die selbstgemachten Buttons, welche sich die Kinder basteln konnten, sind f\u00fcr alle bestimmt ein sch\u00f6nes Andenken und der ein oder andere hat auf Grund des Tischkickers und des Torwandschie\u00dfens mit hoher Wahrscheinlichkeit einen kleinen Muskelkater mit nach Hause genommen.<\/p>\n<p>An dieser Stelle nochmal ein herzliches Dankesch\u00f6n an alle helfenden H\u00e4nde \u2013 ohne Euch w\u00e4re das in diesem Ma\u00dfe nicht zu realisieren gewesen. Danke!<\/p>\n<p>EFU Youth<br \/>\nngg_shortcode_45_placeholder<\/p>\n<div class=\"galerie_border\"><\/div>\n","protected":false},"excerpt":{"rendered":"<p>38. Spieltag &#8211; 23.05.2015: RWE &#8211; SpVgg Unterhaching 1:0 4.383 Zuschauer, ca. 120 G\u00e4stefans 37. Spieltag &#8211; 16.05.2015: Stuttgarter Kickers &#8211; RWE 0:0 4.730 Zuschauer, ca. 300 Erfurter 36. Spieltag &#8211; 10.05.2015: RWE &#8211; MSV Duisburg 0:2 4.864 Zuschauer, ca. &hellip; <a href=\"https:\/\/www.erfordia-ultras.de\/blog\/galerie-saison-201415-3-liga\/\">Weiterlesen <span class=\"meta-nav\">&rarr;<\/span><\/a><\/p>\n","protected":false},"author":5,"featured_media":0,"parent":0,"menu_order":0,"comment_status":"closed","ping_status":"open","template":"","meta":{"ngg_post_thumbnail":0,"footnotes":"","_links_to":"","_links_to_target":""},"class_list":["post-2514","page","type-page","status-publish","hentry"],"aioseo_notices":[],"_links":{"self":[{"href":"https:\/\/www.erfordia-ultras.de\/blog\/wp-json\/wp\/v2\/pages\/2514","targetHints":{"allow":["GET"]}}],"collection":[{"href":"https:\/\/www.erfordia-ultras.de\/blog\/wp-json\/wp\/v2\/pages"}],"about":[{"href":"https:\/\/www.erfordia-ultras.de\/blog\/wp-json\/wp\/v2\/types\/page"}],"author":[{"embeddable":true,"href":"https:\/\/www.erfordia-ultras.de\/blog\/wp-json\/wp\/v2\/users\/5"}],"replies":[{"embeddable":true,"href":"https:\/\/www.erfordia-ultras.de\/blog\/wp-json\/wp\/v2\/comments?post=2514"}],"version-history":[{"count":89,"href":"https:\/\/www.erfordia-ultras.de\/blog\/wp-json\/wp\/v2\/pages\/2514\/revisions"}],"predecessor-version":[{"id":5492,"href":"https:\/\/www.erfordia-ultras.de\/blog\/wp-json\/wp\/v2\/pages\/2514\/revisions\/5492"}],"wp:attachment":[{"href":"https:\/\/www.erfordia-ultras.de\/blog\/wp-json\/wp\/v2\/media?parent=2514"}],"curies":[{"name":"wp","href":"https:\/\/api.w.org\/{rel}","templated":true}]}}