{"id":91,"date":"2010-10-29T15:30:54","date_gmt":"2010-10-29T13:30:54","guid":{"rendered":"http:\/\/www.fanszene-ef.de\/wordpress\/"},"modified":"2016-10-20T18:01:49","modified_gmt":"2016-10-20T17:01:49","slug":"efu_youth","status":"publish","type":"page","link":"https:\/\/www.erfordia-ultras.de\/blog\/efu_youth\/","title":{"rendered":"EFU Youth"},"content":{"rendered":"<p>Die EFU Youth ist die Nachwuchsgruppierung der Erfordia Ultras 1996 und wurde im Jahr 2006 gegr\u00fcndet. Sie fungiert sowohl als Sammelbecken f\u00fcr die Erfurter Ultr\u00e1-Jugend, sowie als Bindeglied zwischen Neulingen und den Erfordia Ultras. Ihr Sinn ist es, Jugendliche, die gewillt sind, sich mit den Vorstellungen von Ultr\u00e1 und speziell den Vorstellungen der Erfordia Ultras zu identifizieren, an sich zu binden. Ihnen soll eine M\u00f6glichkeit gegeben werden, sich in der EFU Youth weiterzuentwickeln, um zum gegebenen Zeitpunkt in den Kreis der Erfordia Ultras aufgenommen zu werden. Auf Grund einer Umstrukturierung wurden vor kurzer Zeit einige Youthler, die sich verdient gemacht hatten in die EFU aufgenommen.<\/p>\n<p>Prim\u00e4r ist es unser Ziel, den Verein innerhalb sowie au\u00dferhalb des Stadions w\u00fcrdig zu repr\u00e4sentieren. Deshalb versuchen wir uns durch Flei\u00df und Engagement in das Geschehen der Erfurter Fanszene einzubinden, um unseren Beitrag daran zu leisten.<\/p>\n<p>Wir Gruppenmitglieder legen einen hohen Stellenwert auf Freundschaft, Zusammenhalt und Vertrauen. Die Mentalit\u00e4t, den anderen zu achten, sowie sich solidarisch untereinander zu verhalten, hat dabei oberste Priorit\u00e4t. Ein weiteres Anliegen ist es, immer wieder neue motivierte und kreative Leute in unsere Gemeinschaft zu integrieren, um gemeinsam unsere Kurve zu st\u00e4rken. Daher ist jeder, der Erfurt und Rot-Wei\u00df genauso liebt wie wir, herzlich willkommen, sich uns vorzustellen!<\/p>\n<p>E &#8218;l&#8217;amicizia che ci d\u00e0 la forza! &#8211; EFU Youth<\/p>\n<div width=\"100%\" align=\"left\"><img decoding=\"async\" src=\"http:\/\/www.fanszene-ef.de\/blog\/images\/bilder\/youth.jpg\" style=\"border: 3px solid #b20202;\"><\/div>\n","protected":false},"excerpt":{"rendered":"<p>Die EFU Youth ist die Nachwuchsgruppierung der Erfordia Ultras 1996 und wurde im Jahr 2006 gegr\u00fcndet. Sie fungiert sowohl als Sammelbecken f\u00fcr die Erfurter Ultr\u00e1-Jugend, sowie als Bindeglied zwischen Neulingen und den Erfordia Ultras. Ihr Sinn ist es, Jugendliche, die &hellip; <a href=\"https:\/\/www.erfordia-ultras.de\/blog\/efu_youth\/\">Weiterlesen <span class=\"meta-nav\">&rarr;<\/span><\/a><\/p>\n","protected":false},"author":7,"featured_media":0,"parent":0,"menu_order":0,"comment_status":"closed","ping_status":"open","template":"","meta":{"ngg_post_thumbnail":0,"footnotes":"","_links_to":"","_links_to_target":""},"class_list":["post-91","page","type-page","status-publish","hentry"],"aioseo_notices":[],"_links":{"self":[{"href":"https:\/\/www.erfordia-ultras.de\/blog\/wp-json\/wp\/v2\/pages\/91","targetHints":{"allow":["GET"]}}],"collection":[{"href":"https:\/\/www.erfordia-ultras.de\/blog\/wp-json\/wp\/v2\/pages"}],"about":[{"href":"https:\/\/www.erfordia-ultras.de\/blog\/wp-json\/wp\/v2\/types\/page"}],"author":[{"embeddable":true,"href":"https:\/\/www.erfordia-ultras.de\/blog\/wp-json\/wp\/v2\/users\/7"}],"replies":[{"embeddable":true,"href":"https:\/\/www.erfordia-ultras.de\/blog\/wp-json\/wp\/v2\/comments?post=91"}],"version-history":[{"count":16,"href":"https:\/\/www.erfordia-ultras.de\/blog\/wp-json\/wp\/v2\/pages\/91\/revisions"}],"predecessor-version":[{"id":12303,"href":"https:\/\/www.erfordia-ultras.de\/blog\/wp-json\/wp\/v2\/pages\/91\/revisions\/12303"}],"wp:attachment":[{"href":"https:\/\/www.erfordia-ultras.de\/blog\/wp-json\/wp\/v2\/media?parent=91"}],"curies":[{"name":"wp","href":"https:\/\/api.w.org\/{rel}","templated":true}]}}